{"id":158,"date":"2020-11-04T11:59:18","date_gmt":"2020-11-04T11:59:18","guid":{"rendered":"https:\/\/grundschule-wallenborn.de\/?page_id=158"},"modified":"2020-11-07T07:21:00","modified_gmt":"2020-11-07T07:21:00","slug":"unser-leitbild","status":"publish","type":"page","link":"https:\/\/grundschule-wallenborn.de\/?page_id=158","title":{"rendered":"Unser Leitbild"},"content":{"rendered":"\n<ul class=\"wp-block-list\"><li>An unserer Schule soll ein respektvolles Klima zwischen allen beteiligten Personengruppen herrschen.<\/li><li>An unserer Schule sollen den Kindern positive Einstellungen und Werte vermittelt werden.<\/li><li>An unserer Schule sollen die Kinder Freude am Lernen erfahren und auf vielf\u00e4ltige Arten lernen. Ganzheitliches, handlungsorientiertes und selbstst\u00e4ndiges Lernen steht im Mittelpunkt des Unterrichts.<\/li><li>An unserer Schule soll das einzelne Kind entsprechend seiner individuellen M\u00f6glichkeiten und F\u00e4higkeiten bestm\u00f6glich gef\u00f6rdert werden.<\/li><li>An unserer Schule soll die Leistungsbereitschaft des einzelnen Sch\u00fclers gef\u00f6rdert und entwickelt werden.<\/li><li>An unserer Schule sollen die Kinder geeignete Methoden ein\u00fcben und Medien kennen lernen, mit denen sie sich in Zukunft selbst Wissen aneignen k\u00f6nnen.<\/li><li>An unserer Schule sollen die Kinder geeignete Formen des sozialen Umgangs miteinander kennen lernen und ein\u00fcben.<\/li><li>An unserer Schule sollen die Kinder an eine gesunde Lebensweise herangef\u00fchrt werden.<\/li><li>An unserer Schule sollen die Kinder vielf\u00e4ltige Bewegungsm\u00f6glichkeiten im Unterricht und in der Pause erhalten.<\/li><\/ul>\n\n\n\n<figure class=\"wp-block-image size-large\"><img loading=\"lazy\" decoding=\"async\" width=\"1024\" height=\"768\" src=\"https:\/\/grundschule-wallenborn.de\/wp-content\/uploads\/2020\/11\/bf89f56f-d793-4a4a-a75b-9a3c268733dc-1-1024x768.jpg\" alt=\"\" class=\"wp-image-208\" srcset=\"https:\/\/grundschule-wallenborn.de\/wp-content\/uploads\/2020\/11\/bf89f56f-d793-4a4a-a75b-9a3c268733dc-1-1024x768.jpg 1024w, https:\/\/grundschule-wallenborn.de\/wp-content\/uploads\/2020\/11\/bf89f56f-d793-4a4a-a75b-9a3c268733dc-1-300x225.jpg 300w, https:\/\/grundschule-wallenborn.de\/wp-content\/uploads\/2020\/11\/bf89f56f-d793-4a4a-a75b-9a3c268733dc-1-768x576.jpg 768w, https:\/\/grundschule-wallenborn.de\/wp-content\/uploads\/2020\/11\/bf89f56f-d793-4a4a-a75b-9a3c268733dc-1-1536x1152.jpg 1536w, https:\/\/grundschule-wallenborn.de\/wp-content\/uploads\/2020\/11\/bf89f56f-d793-4a4a-a75b-9a3c268733dc-1.jpg 1600w\" sizes=\"auto, (max-width: 1024px) 100vw, 1024px\" \/><\/figure>\n","protected":false},"excerpt":{"rendered":"<p>An unserer Schule soll ein respektvolles Klima zwischen allen beteiligten Personengruppen herrschen. An unserer Schule sollen den Kindern positive Einstellungen und Werte vermittelt werden. An unserer Schule sollen die Kinder Freude am Lernen erfahren und auf vielf\u00e4ltige Arten lernen. Ganzheitliches, handlungsorientiertes und selbstst\u00e4ndiges Lernen steht im Mittelpunkt des Unterrichts. An unserer Schule soll das einzelne [&hellip;]<\/p>\n","protected":false},"author":1,"featured_media":0,"parent":0,"menu_order":0,"comment_status":"closed","ping_status":"closed","template":"","meta":{"footnotes":""},"class_list":["post-158","page","type-page","status-publish","hentry"],"_links":{"self":[{"href":"https:\/\/grundschule-wallenborn.de\/index.php?rest_route=\/wp\/v2\/pages\/158","targetHints":{"allow":["GET"]}}],"collection":[{"href":"https:\/\/grundschule-wallenborn.de\/index.php?rest_route=\/wp\/v2\/pages"}],"about":[{"href":"https:\/\/grundschule-wallenborn.de\/index.php?rest_route=\/wp\/v2\/types\/page"}],"author":[{"embeddable":true,"href":"https:\/\/grundschule-wallenborn.de\/index.php?rest_route=\/wp\/v2\/users\/1"}],"replies":[{"embeddable":true,"href":"https:\/\/grundschule-wallenborn.de\/index.php?rest_route=%2Fwp%2Fv2%2Fcomments&post=158"}],"version-history":[{"count":3,"href":"https:\/\/grundschule-wallenborn.de\/index.php?rest_route=\/wp\/v2\/pages\/158\/revisions"}],"predecessor-version":[{"id":209,"href":"https:\/\/grundschule-wallenborn.de\/index.php?rest_route=\/wp\/v2\/pages\/158\/revisions\/209"}],"wp:attachment":[{"href":"https:\/\/grundschule-wallenborn.de\/index.php?rest_route=%2Fwp%2Fv2%2Fmedia&parent=158"}],"curies":[{"name":"wp","href":"https:\/\/api.w.org\/{rel}","templated":true}]}}