{"id":245,"date":"2020-12-04T12:36:18","date_gmt":"2020-12-04T12:36:18","guid":{"rendered":"https:\/\/grundschule-wallenborn.de\/?page_id=245"},"modified":"2020-12-04T12:45:44","modified_gmt":"2020-12-04T12:45:44","slug":"fussballaktionstag","status":"publish","type":"page","link":"https:\/\/grundschule-wallenborn.de\/?page_id=245","title":{"rendered":"Fu\u00dfballaktionstag"},"content":{"rendered":"\n<p>Fu\u00dfballaktionstag an der Grundschule Wallenborn<\/p>\n\n\n\n<p>Am 28.08. fand an unserer Schule ein Fu\u00dfballtag statt. In den ersten beiden Stunden waren die ersten beiden Klassen dran, anschlie\u00dfend die Klasse 3 und 4. In der Sporthalle lernten alle Kinder bei Patrick von FutureSport, wie man mit rechts und links dribbelt und die richtige Schusstechnik. Alle Kinder waren sehr begeistert, hatten sehr viel Spa\u00df und freuten sich anschlie\u00dfend \u00fcber einen Ball und ein T-Shirt, welches sie geschenkt bekamen. Gesponsert wurden diese von der Firma Aqwarm-Haustechnik GmbH und der Firma Bender Systeme aus Deudesfeld. Herzlichen Dank daf\u00fcr.<\/p>\n\n\n\n<p>(von Esm\u00e9, Noah und Finn, Klasse 4)<\/p>\n\n\n\n<figure class=\"wp-block-image size-large\"><img loading=\"lazy\" decoding=\"async\" width=\"1024\" height=\"768\" src=\"https:\/\/grundschule-wallenborn.de\/wp-content\/uploads\/2020\/12\/Fussballtage-1024x768.jpg\" alt=\"\" class=\"wp-image-253\" srcset=\"https:\/\/grundschule-wallenborn.de\/wp-content\/uploads\/2020\/12\/Fussballtage-1024x768.jpg 1024w, https:\/\/grundschule-wallenborn.de\/wp-content\/uploads\/2020\/12\/Fussballtage-300x225.jpg 300w, https:\/\/grundschule-wallenborn.de\/wp-content\/uploads\/2020\/12\/Fussballtage-768x576.jpg 768w, https:\/\/grundschule-wallenborn.de\/wp-content\/uploads\/2020\/12\/Fussballtage-1536x1152.jpg 1536w, https:\/\/grundschule-wallenborn.de\/wp-content\/uploads\/2020\/12\/Fussballtage-2048x1536.jpg 2048w\" sizes=\"auto, (max-width: 1024px) 100vw, 1024px\" \/><\/figure>\n","protected":false},"excerpt":{"rendered":"<p>Fu\u00dfballaktionstag an der Grundschule Wallenborn Am 28.08. fand an unserer Schule ein Fu\u00dfballtag statt. In den ersten beiden Stunden waren die ersten beiden Klassen dran, anschlie\u00dfend die Klasse 3 und 4. In der Sporthalle lernten alle Kinder bei Patrick von FutureSport, wie man mit rechts und links dribbelt und die richtige Schusstechnik. Alle Kinder waren [&hellip;]<\/p>\n","protected":false},"author":1,"featured_media":0,"parent":0,"menu_order":0,"comment_status":"closed","ping_status":"closed","template":"","meta":{"footnotes":""},"class_list":["post-245","page","type-page","status-publish","hentry"],"_links":{"self":[{"href":"https:\/\/grundschule-wallenborn.de\/index.php?rest_route=\/wp\/v2\/pages\/245","targetHints":{"allow":["GET"]}}],"collection":[{"href":"https:\/\/grundschule-wallenborn.de\/index.php?rest_route=\/wp\/v2\/pages"}],"about":[{"href":"https:\/\/grundschule-wallenborn.de\/index.php?rest_route=\/wp\/v2\/types\/page"}],"author":[{"embeddable":true,"href":"https:\/\/grundschule-wallenborn.de\/index.php?rest_route=\/wp\/v2\/users\/1"}],"replies":[{"embeddable":true,"href":"https:\/\/grundschule-wallenborn.de\/index.php?rest_route=%2Fwp%2Fv2%2Fcomments&post=245"}],"version-history":[{"count":2,"href":"https:\/\/grundschule-wallenborn.de\/index.php?rest_route=\/wp\/v2\/pages\/245\/revisions"}],"predecessor-version":[{"id":254,"href":"https:\/\/grundschule-wallenborn.de\/index.php?rest_route=\/wp\/v2\/pages\/245\/revisions\/254"}],"wp:attachment":[{"href":"https:\/\/grundschule-wallenborn.de\/index.php?rest_route=%2Fwp%2Fv2%2Fmedia&parent=245"}],"curies":[{"name":"wp","href":"https:\/\/api.w.org\/{rel}","templated":true}]}}