{"id":5,"date":"2020-10-11T13:06:10","date_gmt":"2020-10-11T13:06:10","guid":{"rendered":"https:\/\/grundschule-wallenborn.de\/?page_id=5"},"modified":"2022-11-07T13:35:02","modified_gmt":"2022-11-07T13:35:02","slug":"willkommen-auf-https-grundschule-wallenborn-de-2","status":"publish","type":"page","link":"https:\/\/grundschule-wallenborn.de\/","title":{"rendered":"Herzlich Willkommen auf der Homepage der Grundschule Wallenborn"},"content":{"rendered":"\n<p><strong>Liebe Besucherinnen und Besucher unserer Website,<\/strong><strong><br>liebe Freunde der Grundschule Wallenborn,<\/strong><\/p>\n\n\n\n<p>ich freue mich sehr, dass Sie in die virtuelle Welt unserer Schule eintauchen und uns im Internet besuchen.<\/p>\n\n\n\n<p>Entdecken Sie die st\u00e4ndig wachsende und neu gestaltete Seite unserer Schule mit all ihren Facetten.<\/p>\n\n\n\n<p>Hier finden Sie Informationen \u00fcber unser Bildungs- und Betreuungsangebot, \u00fcber aktuelle Ereignisse und Aktivit\u00e4ten, mit denen unsere Sch\u00fclerinnen und Sch\u00fcler, das Kollegium und die Elternschaft unsere Schule zu einem lebendigen und unverwechselbaren Ganzen machen.<\/p>\n\n\n\n<p>Ich freue mich, wenn Sie demn\u00e4chst wieder \u201ereinschauen\u201c und so verfolgen, was sich bei uns alles tut!<\/p>\n\n\n\n<p>Herzliche Gr\u00fc\u00dfe<\/p>\n\n\n\n<p>Claudia Wernicke<\/p>\n\n\n\n<hr class=\"wp-block-separator is-style-wide\"\/>\n\n\n\n<p><\/p>\n\n\n\n<p class=\"has-text-align-left\"><strong>Hier finden Sie die aktuelle Schul-Corona-Regelung:<\/strong><\/p>\n\n\n\n<div class=\"wp-block-file\"><a href=\"https:\/\/grundschule-wallenborn.de\/wp-content\/uploads\/2021\/02\/Corona-Schul-und-Hausordnung-Version2-1.pdf\">Corona-Schul-und-Hausordnung-Version2-1<\/a><a href=\"https:\/\/grundschule-wallenborn.de\/wp-content\/uploads\/2021\/02\/Corona-Schul-und-Hausordnung-Version2-1.pdf\" class=\"wp-block-file__button\" download>Herunterladen<\/a><\/div>\n\n\n\n<p><strong>Aktuelles Schreiben des Ministeriums f\u00fcr Bildung:<\/strong><\/p>\n\n\n\n<div class=\"wp-block-file\"><a href=\"https:\/\/grundschule-wallenborn.de\/wp-content\/uploads\/2021\/04\/Elterschreiben_Tests_nach_den_Osterferien-2.pdf\">Elterschreiben_Tests_nach_den_Osterferien-2<\/a><a href=\"https:\/\/grundschule-wallenborn.de\/wp-content\/uploads\/2021\/04\/Elterschreiben_Tests_nach_den_Osterferien-2.pdf\" class=\"wp-block-file__button\" download>Herunterladen<\/a><\/div>\n\n\n\n<div class=\"wp-block-file\"><a href=\"https:\/\/grundschule-wallenborn.de\/wp-content\/uploads\/2021\/01\/Elternschreiben-20.01.2021.pdf\">Elternschreiben-20.01.2021<\/a><a href=\"https:\/\/grundschule-wallenborn.de\/wp-content\/uploads\/2021\/01\/Elternschreiben-20.01.2021.pdf\" class=\"wp-block-file__button\" download>Herunterladen<\/a><\/div>\n\n\n\n<div class=\"wp-block-file\"><a href=\"https:\/\/grundschule-wallenborn.de\/wp-content\/uploads\/2021\/07\/Pressemitteilung.docx\">Pressemitteilung zur Sommerschule<\/a><a href=\"https:\/\/grundschule-wallenborn.de\/wp-content\/uploads\/2021\/07\/Pressemitteilung.docx\" class=\"wp-block-file__button\" download>Herunterladen<\/a><\/div>\n\n\n\n<hr class=\"wp-block-separator is-style-wide\"\/>\n\n\n\n<figure class=\"wp-block-image size-large is-resized\"><img loading=\"lazy\" decoding=\"async\" src=\"https:\/\/grundschule-wallenborn.de\/wp-content\/uploads\/2020\/11\/2f322908-3bea-4600-8943-b3b311594378-1024x508.jpg\" alt=\"\" class=\"wp-image-181\" width=\"1024\" height=\"508\" srcset=\"https:\/\/grundschule-wallenborn.de\/wp-content\/uploads\/2020\/11\/2f322908-3bea-4600-8943-b3b311594378-1024x508.jpg 1024w, https:\/\/grundschule-wallenborn.de\/wp-content\/uploads\/2020\/11\/2f322908-3bea-4600-8943-b3b311594378-300x149.jpg 300w, https:\/\/grundschule-wallenborn.de\/wp-content\/uploads\/2020\/11\/2f322908-3bea-4600-8943-b3b311594378-768x381.jpg 768w, https:\/\/grundschule-wallenborn.de\/wp-content\/uploads\/2020\/11\/2f322908-3bea-4600-8943-b3b311594378-1536x761.jpg 1536w, https:\/\/grundschule-wallenborn.de\/wp-content\/uploads\/2020\/11\/2f322908-3bea-4600-8943-b3b311594378.jpg 1600w\" sizes=\"auto, (max-width: 1024px) 100vw, 1024px\" \/><\/figure>\n","protected":false},"excerpt":{"rendered":"<p>Liebe Besucherinnen und Besucher unserer Website,liebe Freunde der Grundschule Wallenborn, ich freue mich sehr, dass Sie in die virtuelle Welt unserer Schule eintauchen und uns im Internet besuchen. Entdecken Sie die st\u00e4ndig wachsende und neu gestaltete Seite unserer Schule mit all ihren Facetten. Hier finden Sie Informationen \u00fcber unser Bildungs- und Betreuungsangebot, \u00fcber aktuelle Ereignisse [&hellip;]<\/p>\n","protected":false},"author":1,"featured_media":0,"parent":0,"menu_order":0,"comment_status":"closed","ping_status":"open","template":"","meta":{"footnotes":""},"class_list":["post-5","page","type-page","status-publish","hentry"],"_links":{"self":[{"href":"https:\/\/grundschule-wallenborn.de\/index.php?rest_route=\/wp\/v2\/pages\/5","targetHints":{"allow":["GET"]}}],"collection":[{"href":"https:\/\/grundschule-wallenborn.de\/index.php?rest_route=\/wp\/v2\/pages"}],"about":[{"href":"https:\/\/grundschule-wallenborn.de\/index.php?rest_route=\/wp\/v2\/types\/page"}],"author":[{"embeddable":true,"href":"https:\/\/grundschule-wallenborn.de\/index.php?rest_route=\/wp\/v2\/users\/1"}],"replies":[{"embeddable":true,"href":"https:\/\/grundschule-wallenborn.de\/index.php?rest_route=%2Fwp%2Fv2%2Fcomments&post=5"}],"version-history":[{"count":24,"href":"https:\/\/grundschule-wallenborn.de\/index.php?rest_route=\/wp\/v2\/pages\/5\/revisions"}],"predecessor-version":[{"id":332,"href":"https:\/\/grundschule-wallenborn.de\/index.php?rest_route=\/wp\/v2\/pages\/5\/revisions\/332"}],"wp:attachment":[{"href":"https:\/\/grundschule-wallenborn.de\/index.php?rest_route=%2Fwp%2Fv2%2Fmedia&parent=5"}],"curies":[{"name":"wp","href":"https:\/\/api.w.org\/{rel}","templated":true}]}}