{"id":96,"date":"2020-11-04T06:02:50","date_gmt":"2020-11-04T06:02:50","guid":{"rendered":"https:\/\/grundschule-wallenborn.de\/?page_id=96"},"modified":"2020-11-04T06:07:52","modified_gmt":"2020-11-04T06:07:52","slug":"unterrichtszeiten","status":"publish","type":"page","link":"https:\/\/grundschule-wallenborn.de\/?page_id=96","title":{"rendered":"Unterrichtszeiten"},"content":{"rendered":"\n<p><strong><u>AUSZEITEN \u2013BEWEGLICHE FERIENTAGE UND FERIEN IM SCHULJAHR 2020\/2021<\/u><\/strong><\/p>\n\n\n\n<p><strong><u>Bewegliche Ferientage:<\/u><\/strong><\/p>\n\n\n\n<ol class=\"wp-block-list\" type=\"1\"><li>beweglicher Ferientag:&nbsp;&nbsp;&nbsp;&nbsp;&nbsp;&nbsp;&nbsp;&nbsp;&nbsp; 11.02.2021 (Weiberdonnerstag)<\/li><li>beweglicher Ferientag:&nbsp;&nbsp;&nbsp;&nbsp;&nbsp;&nbsp;&nbsp;&nbsp;&nbsp; 12.02.2021 (Tag nach Weiberdonnerstag)<\/li><li>beweglicher Ferientag:&nbsp;&nbsp;&nbsp;&nbsp;&nbsp;&nbsp;&nbsp;&nbsp;&nbsp; 15.02.2021 (Rosenmontag)<\/li><li>beweglicher Ferientag:&nbsp;&nbsp;&nbsp;&nbsp;&nbsp;&nbsp;&nbsp;&nbsp;&nbsp; 16.02.2021 (Karnevalsdienstag)<\/li><li>beweglicher Ferientag:&nbsp;&nbsp;&nbsp;&nbsp;&nbsp;&nbsp;&nbsp;&nbsp;&nbsp; 14.05.2021 (Tag nach Christi Himmelfahrt)<\/li><li>beweglicher Ferientag:&nbsp;&nbsp;&nbsp;&nbsp;&nbsp;&nbsp;&nbsp;&nbsp;&nbsp; 04.06.2021 (Tag nach Fronleichnam)<\/li><\/ol>\n\n\n\n<p><strong><u>Ferien:<\/u><\/strong><\/p>\n\n\n\n<p>Herbstferien: &nbsp;&nbsp;&nbsp;&nbsp;&nbsp;&nbsp;&nbsp;&nbsp;&nbsp;&nbsp;&nbsp;&nbsp;&nbsp;&nbsp;&nbsp; 12.10.2020 \u2013 23.10.2020 (jeweils erster und letzter Ferientag)<\/p>\n\n\n\n<p>Weihnachtsferien: &nbsp;&nbsp;&nbsp;&nbsp;&nbsp;&nbsp; 21.12.2020 \u2013 31.12.2020<\/p>\n\n\n\n<p>Osterferien: &nbsp;&nbsp;&nbsp;&nbsp;&nbsp;&nbsp;&nbsp;&nbsp;&nbsp;&nbsp;&nbsp;&nbsp;&nbsp;&nbsp;&nbsp;&nbsp;&nbsp; 29.03.2021 \u2013 06.04.2021<\/p>\n\n\n\n<p>Pfingstferien:&nbsp;&nbsp;&nbsp;&nbsp;&nbsp;&nbsp;&nbsp;&nbsp;&nbsp;&nbsp;&nbsp;&nbsp;&nbsp;&nbsp;&nbsp;&nbsp; 25.05.2021 \u2013 02.06.2021<\/p>\n\n\n\n<p>Sommerferien:&nbsp;&nbsp;&nbsp;&nbsp;&nbsp;&nbsp;&nbsp;&nbsp;&nbsp;&nbsp;&nbsp;&nbsp;&nbsp; 19.07.2021 \u2013 27.08.2021<\/p>\n\n\n\n<p>An \u201eZeugnistagen\u201c (29.01.2021 und 16.07.2021) endet der Unterricht f\u00fcr alle Kinder um 12.15 Uhr.<\/p>\n\n\n\n<p>Vor Herbst-, Weihnachts-, Oster- und Pfingstferien endet der Unterricht f\u00fcr die 3. und 4. Klasse nach der 5. Unterrichtsstunde um 13.20 Uhr, f\u00fcr die Erst- und Zweitkl\u00e4ssler nach der 4. Unterrichtsstunde um 12.15 Uhr.<\/p>\n\n\n\n<p>Die Nachmittagsbetreuung findet wie gewohnt ohne Einschr\u00e4nkungen statt.&nbsp;<\/p>\n","protected":false},"excerpt":{"rendered":"<p>AUSZEITEN \u2013BEWEGLICHE FERIENTAGE UND FERIEN IM SCHULJAHR 2020\/2021 Bewegliche Ferientage: beweglicher Ferientag:&nbsp;&nbsp;&nbsp;&nbsp;&nbsp;&nbsp;&nbsp;&nbsp;&nbsp; 11.02.2021 (Weiberdonnerstag) beweglicher Ferientag:&nbsp;&nbsp;&nbsp;&nbsp;&nbsp;&nbsp;&nbsp;&nbsp;&nbsp; 12.02.2021 (Tag nach Weiberdonnerstag) beweglicher Ferientag:&nbsp;&nbsp;&nbsp;&nbsp;&nbsp;&nbsp;&nbsp;&nbsp;&nbsp; 15.02.2021 (Rosenmontag) beweglicher Ferientag:&nbsp;&nbsp;&nbsp;&nbsp;&nbsp;&nbsp;&nbsp;&nbsp;&nbsp; 16.02.2021 (Karnevalsdienstag) beweglicher Ferientag:&nbsp;&nbsp;&nbsp;&nbsp;&nbsp;&nbsp;&nbsp;&nbsp;&nbsp; 14.05.2021 (Tag nach Christi Himmelfahrt) beweglicher Ferientag:&nbsp;&nbsp;&nbsp;&nbsp;&nbsp;&nbsp;&nbsp;&nbsp;&nbsp; 04.06.2021 (Tag nach Fronleichnam) Ferien: Herbstferien: &nbsp;&nbsp;&nbsp;&nbsp;&nbsp;&nbsp;&nbsp;&nbsp;&nbsp;&nbsp;&nbsp;&nbsp;&nbsp;&nbsp;&nbsp; 12.10.2020 \u2013 23.10.2020 (jeweils erster und letzter Ferientag) Weihnachtsferien: &nbsp;&nbsp;&nbsp;&nbsp;&nbsp;&nbsp; 21.12.2020 [&hellip;]<\/p>\n","protected":false},"author":1,"featured_media":0,"parent":0,"menu_order":0,"comment_status":"closed","ping_status":"closed","template":"","meta":{"footnotes":""},"class_list":["post-96","page","type-page","status-publish","hentry"],"_links":{"self":[{"href":"https:\/\/grundschule-wallenborn.de\/index.php?rest_route=\/wp\/v2\/pages\/96","targetHints":{"allow":["GET"]}}],"collection":[{"href":"https:\/\/grundschule-wallenborn.de\/index.php?rest_route=\/wp\/v2\/pages"}],"about":[{"href":"https:\/\/grundschule-wallenborn.de\/index.php?rest_route=\/wp\/v2\/types\/page"}],"author":[{"embeddable":true,"href":"https:\/\/grundschule-wallenborn.de\/index.php?rest_route=\/wp\/v2\/users\/1"}],"replies":[{"embeddable":true,"href":"https:\/\/grundschule-wallenborn.de\/index.php?rest_route=%2Fwp%2Fv2%2Fcomments&post=96"}],"version-history":[{"count":2,"href":"https:\/\/grundschule-wallenborn.de\/index.php?rest_route=\/wp\/v2\/pages\/96\/revisions"}],"predecessor-version":[{"id":112,"href":"https:\/\/grundschule-wallenborn.de\/index.php?rest_route=\/wp\/v2\/pages\/96\/revisions\/112"}],"wp:attachment":[{"href":"https:\/\/grundschule-wallenborn.de\/index.php?rest_route=%2Fwp%2Fv2%2Fmedia&parent=96"}],"curies":[{"name":"wp","href":"https:\/\/api.w.org\/{rel}","templated":true}]}}